{"id":261,"date":"2023-11-16T09:08:30","date_gmt":"2023-11-16T08:08:30","guid":{"rendered":"http:\/\/utuzzone.com\/?page_id=261"},"modified":"2024-06-24T10:30:37","modified_gmt":"2024-06-24T08:30:37","slug":"les-locations","status":"publish","type":"page","link":"https:\/\/utuzzone.com\/index.php\/les-locations\/","title":{"rendered":"Villa \u00ab\u00a0La Piscine\u00a0\u00bb"},"content":{"rendered":"\n<p>La Piscine est une villa \u00e0 l&rsquo;atmosph\u00e8re familiale, situ\u00e9e \u00e0 flanc de colline, avec vue mer exceptionnelle.<br>Vous dominerez la Plage de l&rsquo;Ovu Santu au milieu du maquis et b\u00e9n\u00e9ficierez d&rsquo;une exposition sud vous apportant un ensoleillement maximal. Le tout sans vis \u00e0 vis. <\/p>\n\n\n\n<p>Villa de 140 m2 pouvant accueillir 9 personnes. <\/p>\n\n\n\n<ul>\n<li>4 chambres\n<ul>\n<li>Chambre 1 : 1 lit double<\/li>\n\n\n\n<li>Chambre 2 : 2 lits une place<\/li>\n\n\n\n<li>Chambre 3 : 2 lits une place<\/li>\n\n\n\n<li>Chambre 4 : 1 lit double <\/li>\n<\/ul>\n<\/li>\n\n\n\n<li>un vaste s\u00e9jour<\/li>\n\n\n\n<li>une salle de bain et une salle de douche<\/li>\n\n\n\n<li>une terrasse couverte face \u00e0 la mer<\/li>\n\n\n\n<li>une piscine (7.25X3.75X1.25).<\/li>\n<\/ul>\n\n\n\n<p><\/p>\n\n\n\n<figure class=\"wp-block-gallery has-nested-images columns-default is-cropped wp-block-gallery-1 is-layout-flex wp-block-gallery-is-layout-flex\">\n<figure class=\"wp-block-image size-large\"><img loading=\"lazy\" decoding=\"async\" width=\"1024\" height=\"768\" data-id=\"169\" src=\"http:\/\/utuzzone.com\/wp-content\/uploads\/2023\/01\/Terrasse-4-1.webp\" alt=\"\" class=\"wp-image-169\" srcset=\"https:\/\/utuzzone.com\/wp-content\/uploads\/2023\/01\/Terrasse-4-1.webp 1024w, https:\/\/utuzzone.com\/wp-content\/uploads\/2023\/01\/Terrasse-4-1-300x225.webp 300w, https:\/\/utuzzone.com\/wp-content\/uploads\/2023\/01\/Terrasse-4-1-768x576.webp 768w\" sizes=\"(max-width: 1024px) 100vw, 1024px\" \/><\/figure>\n\n\n\n<figure class=\"wp-block-image size-large\"><img loading=\"lazy\" decoding=\"async\" width=\"1024\" height=\"687\" data-id=\"157\" src=\"http:\/\/utuzzone.com\/wp-content\/uploads\/2023\/01\/terrasse-2-2.webp\" alt=\"\" class=\"wp-image-157\" srcset=\"https:\/\/utuzzone.com\/wp-content\/uploads\/2023\/01\/terrasse-2-2.webp 1024w, https:\/\/utuzzone.com\/wp-content\/uploads\/2023\/01\/terrasse-2-2-300x201.webp 300w, https:\/\/utuzzone.com\/wp-content\/uploads\/2023\/01\/terrasse-2-2-768x515.webp 768w\" sizes=\"(max-width: 1024px) 100vw, 1024px\" \/><\/figure>\n\n\n\n<figure class=\"wp-block-image size-large\"><img loading=\"lazy\" decoding=\"async\" width=\"1024\" height=\"768\" data-id=\"69\" src=\"http:\/\/utuzzone.com\/wp-content\/uploads\/2023\/01\/Piscine-1.jpg-2.webp\" alt=\"\" class=\"wp-image-69\" srcset=\"https:\/\/utuzzone.com\/wp-content\/uploads\/2023\/01\/Piscine-1.jpg-2.webp 1024w, https:\/\/utuzzone.com\/wp-content\/uploads\/2023\/01\/Piscine-1.jpg-2-300x225.webp 300w, https:\/\/utuzzone.com\/wp-content\/uploads\/2023\/01\/Piscine-1.jpg-2-768x576.webp 768w\" sizes=\"(max-width: 1024px) 100vw, 1024px\" \/><\/figure>\n\n\n\n<figure class=\"wp-block-image size-large\"><img loading=\"lazy\" decoding=\"async\" width=\"1024\" height=\"768\" data-id=\"64\" src=\"http:\/\/utuzzone.com\/wp-content\/uploads\/2023\/01\/Salle-de-bain.webp\" alt=\"\" class=\"wp-image-64\" srcset=\"https:\/\/utuzzone.com\/wp-content\/uploads\/2023\/01\/Salle-de-bain.webp 1024w, https:\/\/utuzzone.com\/wp-content\/uploads\/2023\/01\/Salle-de-bain-300x225.webp 300w, https:\/\/utuzzone.com\/wp-content\/uploads\/2023\/01\/Salle-de-bain-768x576.webp 768w\" sizes=\"(max-width: 1024px) 100vw, 1024px\" \/><\/figure>\n\n\n\n<figure class=\"wp-block-image size-large\"><img loading=\"lazy\" decoding=\"async\" width=\"515\" height=\"768\" data-id=\"63\" src=\"http:\/\/utuzzone.com\/wp-content\/uploads\/2023\/01\/douche-1.webp\" alt=\"\" class=\"wp-image-63\" srcset=\"https:\/\/utuzzone.com\/wp-content\/uploads\/2023\/01\/douche-1.webp 515w, https:\/\/utuzzone.com\/wp-content\/uploads\/2023\/01\/douche-1-201x300.webp 201w\" sizes=\"(max-width: 515px) 100vw, 515px\" \/><\/figure>\n\n\n\n<figure class=\"wp-block-image size-large\"><img loading=\"lazy\" decoding=\"async\" width=\"1024\" height=\"768\" data-id=\"54\" src=\"http:\/\/utuzzone.com\/wp-content\/uploads\/2023\/01\/chambre-1-1.webp\" alt=\"\" class=\"wp-image-54\" srcset=\"https:\/\/utuzzone.com\/wp-content\/uploads\/2023\/01\/chambre-1-1.webp 1024w, https:\/\/utuzzone.com\/wp-content\/uploads\/2023\/01\/chambre-1-1-300x225.webp 300w, https:\/\/utuzzone.com\/wp-content\/uploads\/2023\/01\/chambre-1-1-768x576.webp 768w\" sizes=\"(max-width: 1024px) 100vw, 1024px\" \/><\/figure>\n\n\n\n<figure class=\"wp-block-image size-large\"><img loading=\"lazy\" decoding=\"async\" width=\"1024\" height=\"768\" data-id=\"51\" src=\"http:\/\/utuzzone.com\/wp-content\/uploads\/2023\/01\/salon-2-1.webp\" alt=\"\" class=\"wp-image-51\" srcset=\"https:\/\/utuzzone.com\/wp-content\/uploads\/2023\/01\/salon-2-1.webp 1024w, https:\/\/utuzzone.com\/wp-content\/uploads\/2023\/01\/salon-2-1-300x225.webp 300w, https:\/\/utuzzone.com\/wp-content\/uploads\/2023\/01\/salon-2-1-768x576.webp 768w\" sizes=\"(max-width: 1024px) 100vw, 1024px\" \/><\/figure>\n\n\n\n<figure class=\"wp-block-image size-large\"><img loading=\"lazy\" decoding=\"async\" width=\"1024\" height=\"768\" data-id=\"47\" src=\"http:\/\/utuzzone.com\/wp-content\/uploads\/2023\/01\/Chambre-3.webp\" alt=\"\" class=\"wp-image-47\" srcset=\"https:\/\/utuzzone.com\/wp-content\/uploads\/2023\/01\/Chambre-3.webp 1024w, https:\/\/utuzzone.com\/wp-content\/uploads\/2023\/01\/Chambre-3-300x225.webp 300w, https:\/\/utuzzone.com\/wp-content\/uploads\/2023\/01\/Chambre-3-768x576.webp 768w\" sizes=\"(max-width: 1024px) 100vw, 1024px\" \/><\/figure>\n\n\n\n<figure class=\"wp-block-image size-large\"><img loading=\"lazy\" decoding=\"async\" width=\"1024\" height=\"687\" data-id=\"46\" src=\"http:\/\/utuzzone.com\/wp-content\/uploads\/2023\/01\/chambre-2.webp\" alt=\"\" class=\"wp-image-46\" srcset=\"https:\/\/utuzzone.com\/wp-content\/uploads\/2023\/01\/chambre-2.webp 1024w, https:\/\/utuzzone.com\/wp-content\/uploads\/2023\/01\/chambre-2-300x201.webp 300w, https:\/\/utuzzone.com\/wp-content\/uploads\/2023\/01\/chambre-2-768x515.webp 768w\" sizes=\"(max-width: 1024px) 100vw, 1024px\" \/><\/figure>\n<\/figure>\n\n\n\n<hr class=\"wp-block-separator has-css-opacity is-style-default\"\/>\n\n\n\n<p class=\"has-text-align-center has-medium-font-size\"><strong>Ce que disent nos clients<\/strong><\/p>\n\n\n\n<p class=\"has-small-font-size\">\u00a0\u00bb Maison id\u00e9ale pour s\u00e9jours en familles, accueil formidable, vacances inoubliables \u00ab\u00a0<\/p>\n\n\n\n<p class=\"has-small-font-size\">\u00a0\u00bb Nous avons pass\u00e9 un agr\u00e9able s\u00e9jour. La maison est super avec une vue imprenable. Elle est spacieuse et tr\u00e8s bien agenc\u00e9e.\u00a0\u00bb&nbsp;<\/p>\n\n\n\n<p class=\"has-small-font-size\">\u00ab\u00a0Cadre idyllique avec une vue magnifique. Maison bien \u00e9quip\u00e9e avec une tr\u00e8s belle terrasse ombrag\u00e9e. Piscine tr\u00e8s agr\u00e9able pour se rafra\u00eechir \u00e0 tout heure ou s amuser avec les enfants\u00a0\u00bb<\/p>\n\n\n\n<hr class=\"wp-block-separator has-css-opacity is-style-wide\"\/>\n\n\n\n<div class=\"wp-block-group alignfull has-text-color has-background\" style=\"color:#000000;background-color:#ffffff\"><div class=\"wp-block-group__inner-container is-layout-flow wp-block-group-is-layout-flow\">\n<h2 class=\"wp-block-heading has-text-align-center\" id=\"schedule-a-visit\" style=\"font-size:45px;line-height:1.15\"><strong>Vous souhaitez connaitre les disponibilit\u00e9s et le prix <\/strong><\/h2>\n\n\n\n<div class=\"wp-block-buttons is-horizontal is-content-justification-center is-layout-flex wp-container-core-buttons-is-layout-1 wp-block-buttons-is-layout-flex\">\n<div class=\"wp-block-button has-custom-width wp-block-button__width-50\"><a class=\"wp-block-button__link has-text-color has-background wp-element-button\" href=\"https:\/\/www.abritel.fr\/location-vacances\/p6669567a?adults=2&amp;selected=33577461&amp;regionId=6308928\" style=\"border-radius:50px;color:#ffffff;background-color:#000000\">Rendez-vous sur Abritel<\/a><\/div>\n<\/div>\n\n\n\n<div style=\"height:64px\" aria-hidden=\"true\" class=\"wp-block-spacer\"><\/div>\n<\/div><\/div>\n","protected":false},"excerpt":{"rendered":"<p>La Piscine est une villa \u00e0 l&rsquo;atmosph\u00e8re familiale, situ\u00e9e \u00e0 flanc de colline, avec vue mer exceptionnelle.Vous dominerez la Plage de l&rsquo;Ovu Santu au milieu du maquis et b\u00e9n\u00e9ficierez d&rsquo;une &hellip; <\/p>\n","protected":false},"author":1,"featured_media":65,"parent":0,"menu_order":0,"comment_status":"closed","ping_status":"closed","template":"","meta":{"footnotes":""},"_links":{"self":[{"href":"https:\/\/utuzzone.com\/index.php\/wp-json\/wp\/v2\/pages\/261"}],"collection":[{"href":"https:\/\/utuzzone.com\/index.php\/wp-json\/wp\/v2\/pages"}],"about":[{"href":"https:\/\/utuzzone.com\/index.php\/wp-json\/wp\/v2\/types\/page"}],"author":[{"embeddable":true,"href":"https:\/\/utuzzone.com\/index.php\/wp-json\/wp\/v2\/users\/1"}],"replies":[{"embeddable":true,"href":"https:\/\/utuzzone.com\/index.php\/wp-json\/wp\/v2\/comments?post=261"}],"version-history":[{"count":23,"href":"https:\/\/utuzzone.com\/index.php\/wp-json\/wp\/v2\/pages\/261\/revisions"}],"predecessor-version":[{"id":453,"href":"https:\/\/utuzzone.com\/index.php\/wp-json\/wp\/v2\/pages\/261\/revisions\/453"}],"wp:featuredmedia":[{"embeddable":true,"href":"https:\/\/utuzzone.com\/index.php\/wp-json\/wp\/v2\/media\/65"}],"wp:attachment":[{"href":"https:\/\/utuzzone.com\/index.php\/wp-json\/wp\/v2\/media?parent=261"}],"curies":[{"name":"wp","href":"https:\/\/api.w.org\/{rel}","templated":true}]}}