{"id":274,"date":"2023-11-16T09:34:27","date_gmt":"2023-11-16T08:34:27","guid":{"rendered":"http:\/\/utuzzone.com\/?page_id=274"},"modified":"2024-06-24T10:27:12","modified_gmt":"2024-06-24T08:27:12","slug":"les-lodges","status":"publish","type":"page","link":"https:\/\/utuzzone.com\/index.php\/les-lodges\/","title":{"rendered":"Lodges"},"content":{"rendered":"\n<div class=\"wp-block-media-text is-stacked-on-mobile\"><figure class=\"wp-block-media-text__media\"><img loading=\"lazy\" decoding=\"async\" width=\"1024\" height=\"683\" src=\"http:\/\/utuzzone.com\/wp-content\/uploads\/2024\/06\/DSC01526-1024x683.jpg\" alt=\"\" class=\"wp-image-332 size-full\" srcset=\"https:\/\/utuzzone.com\/wp-content\/uploads\/2024\/06\/DSC01526-1024x683.jpg 1024w, https:\/\/utuzzone.com\/wp-content\/uploads\/2024\/06\/DSC01526-300x200.jpg 300w, https:\/\/utuzzone.com\/wp-content\/uploads\/2024\/06\/DSC01526-768x512.jpg 768w\" sizes=\"(max-width: 1024px) 100vw, 1024px\" \/><\/figure><div class=\"wp-block-media-text__content\">\n<p><strong>Venez d\u00e9couvrir cette exp\u00e9rience m\u00ealant confort, espace et glamping.<\/strong><\/p>\n<\/div><\/div>\n\n\n\n<p><\/p>\n\n\n\n<p>Envie d&rsquo;un s\u00e9jour riche en d\u00e9couvertes ? A proximit\u00e9 des plages et dans un cadre privil\u00e9gi\u00e9 au milieu des ch\u00eanes li\u00e8ges, U TUZZONE vous propose deux cabanes lodges sur pilotis : L&rsquo;Immortelle et l&rsquo;Asphod\u00e8le.<\/p>\n\n\n\n<p><strong>L&rsquo;Immortelle <\/strong><\/p>\n\n\n\n<p>Cette cabane lodge est compos\u00e9e de deux parties pouvant accueillir 4 personnes :<\/p>\n\n\n\n<ul>\n<li>Partie bois (24 m2 ), comprenant une chambre ( 2 lits simples), une cuisine \u00e9quip\u00e9e, une salle de douche et wc et un lave-linge, <\/li>\n\n\n\n<li>Partie tente (45 m2), &nbsp;comprenant une chambre ( un lit double), un s\u00e9jour une terrasse couverte.<\/li>\n<\/ul>\n\n\n\n<figure class=\"wp-block-gallery has-nested-images columns-default is-cropped wp-block-gallery-1 is-layout-flex wp-block-gallery-is-layout-flex\">\n<figure class=\"wp-block-image size-large\"><img loading=\"lazy\" decoding=\"async\" width=\"683\" height=\"1024\" data-id=\"336\" src=\"http:\/\/utuzzone.com\/wp-content\/uploads\/2024\/06\/DSC01539-683x1024.jpg\" alt=\"\" class=\"wp-image-336\" srcset=\"https:\/\/utuzzone.com\/wp-content\/uploads\/2024\/06\/DSC01539-683x1024.jpg 683w, https:\/\/utuzzone.com\/wp-content\/uploads\/2024\/06\/DSC01539-200x300.jpg 200w, https:\/\/utuzzone.com\/wp-content\/uploads\/2024\/06\/DSC01539-768x1152.jpg 768w, https:\/\/utuzzone.com\/wp-content\/uploads\/2024\/06\/DSC01539-1024x1536.jpg 1024w, https:\/\/utuzzone.com\/wp-content\/uploads\/2024\/06\/DSC01539-1365x2048.jpg 1365w, https:\/\/utuzzone.com\/wp-content\/uploads\/2024\/06\/DSC01539-40x60.jpg 40w, https:\/\/utuzzone.com\/wp-content\/uploads\/2024\/06\/DSC01539-scaled.jpg 1707w\" sizes=\"(max-width: 683px) 100vw, 683px\" \/><\/figure>\n\n\n\n<figure class=\"wp-block-image size-large\"><img loading=\"lazy\" decoding=\"async\" width=\"1024\" height=\"683\" data-id=\"341\" src=\"http:\/\/utuzzone.com\/wp-content\/uploads\/2024\/06\/DSC01544-1024x683.jpg\" alt=\"\" class=\"wp-image-341\" srcset=\"https:\/\/utuzzone.com\/wp-content\/uploads\/2024\/06\/DSC01544-1024x683.jpg 1024w, https:\/\/utuzzone.com\/wp-content\/uploads\/2024\/06\/DSC01544-300x200.jpg 300w, https:\/\/utuzzone.com\/wp-content\/uploads\/2024\/06\/DSC01544-768x512.jpg 768w\" sizes=\"(max-width: 1024px) 100vw, 1024px\" \/><\/figure>\n\n\n\n<figure class=\"wp-block-image size-large\"><img loading=\"lazy\" decoding=\"async\" width=\"2560\" height=\"1707\" data-id=\"340\" src=\"http:\/\/utuzzone.com\/wp-content\/uploads\/2024\/06\/DSC01546-scaled.jpg\" alt=\"\" class=\"wp-image-340\" srcset=\"https:\/\/utuzzone.com\/wp-content\/uploads\/2024\/06\/DSC01546-scaled.jpg 2560w, https:\/\/utuzzone.com\/wp-content\/uploads\/2024\/06\/DSC01546-300x200.jpg 300w\" sizes=\"(max-width: 2560px) 100vw, 2560px\" \/><\/figure>\n\n\n\n<figure class=\"wp-block-image size-large\"><img loading=\"lazy\" decoding=\"async\" width=\"1024\" height=\"683\" data-id=\"339\" src=\"http:\/\/utuzzone.com\/wp-content\/uploads\/2024\/06\/DSC01545-1024x683.jpg\" alt=\"\" class=\"wp-image-339\" srcset=\"https:\/\/utuzzone.com\/wp-content\/uploads\/2024\/06\/DSC01545-1024x683.jpg 1024w, https:\/\/utuzzone.com\/wp-content\/uploads\/2024\/06\/DSC01545-300x200.jpg 300w, https:\/\/utuzzone.com\/wp-content\/uploads\/2024\/06\/DSC01545-768x512.jpg 768w\" sizes=\"(max-width: 1024px) 100vw, 1024px\" \/><\/figure>\n\n\n\n<figure class=\"wp-block-image size-large\"><img loading=\"lazy\" decoding=\"async\" width=\"1024\" height=\"683\" data-id=\"338\" src=\"http:\/\/utuzzone.com\/wp-content\/uploads\/2024\/06\/DSC01538-1024x683.jpg\" alt=\"\" class=\"wp-image-338\" srcset=\"https:\/\/utuzzone.com\/wp-content\/uploads\/2024\/06\/DSC01538-1024x683.jpg 1024w, https:\/\/utuzzone.com\/wp-content\/uploads\/2024\/06\/DSC01538-300x200.jpg 300w, https:\/\/utuzzone.com\/wp-content\/uploads\/2024\/06\/DSC01538-768x512.jpg 768w, https:\/\/utuzzone.com\/wp-content\/uploads\/2024\/06\/DSC01538-1536x1024.jpg 1536w, https:\/\/utuzzone.com\/wp-content\/uploads\/2024\/06\/DSC01538-2048x1365.jpg 2048w, https:\/\/utuzzone.com\/wp-content\/uploads\/2024\/06\/DSC01538-90x60.jpg 90w\" sizes=\"(max-width: 1024px) 100vw, 1024px\" \/><\/figure>\n\n\n\n<figure class=\"wp-block-image size-large\"><img loading=\"lazy\" decoding=\"async\" width=\"1024\" height=\"683\" data-id=\"337\" src=\"http:\/\/utuzzone.com\/wp-content\/uploads\/2024\/06\/DSC01540-1024x683.jpg\" alt=\"\" class=\"wp-image-337\" srcset=\"https:\/\/utuzzone.com\/wp-content\/uploads\/2024\/06\/DSC01540-1024x683.jpg 1024w, https:\/\/utuzzone.com\/wp-content\/uploads\/2024\/06\/DSC01540-300x200.jpg 300w, https:\/\/utuzzone.com\/wp-content\/uploads\/2024\/06\/DSC01540-768x512.jpg 768w\" sizes=\"(max-width: 1024px) 100vw, 1024px\" \/><\/figure>\n\n\n\n<figure class=\"wp-block-image size-large\"><img decoding=\"async\" data-id=\"335\" src=\"http:\/\/utuzzone.com\/wp-content\/uploads\/2024\/06\/DSC01533.jpg\" alt=\"\" class=\"wp-image-335\"\/><\/figure>\n\n\n\n<figure class=\"wp-block-image size-large\"><img loading=\"lazy\" decoding=\"async\" width=\"1024\" height=\"683\" data-id=\"334\" src=\"http:\/\/utuzzone.com\/wp-content\/uploads\/2024\/06\/DSC01536-1024x683.jpg\" alt=\"\" class=\"wp-image-334\" srcset=\"https:\/\/utuzzone.com\/wp-content\/uploads\/2024\/06\/DSC01536-1024x683.jpg 1024w, https:\/\/utuzzone.com\/wp-content\/uploads\/2024\/06\/DSC01536-300x200.jpg 300w, https:\/\/utuzzone.com\/wp-content\/uploads\/2024\/06\/DSC01536-768x512.jpg 768w\" sizes=\"(max-width: 1024px) 100vw, 1024px\" \/><\/figure>\n\n\n\n<figure class=\"wp-block-image size-large\"><img loading=\"lazy\" decoding=\"async\" width=\"1024\" height=\"683\" data-id=\"333\" src=\"http:\/\/utuzzone.com\/wp-content\/uploads\/2024\/06\/DSC01532-1024x683.jpg\" alt=\"\" class=\"wp-image-333\" srcset=\"https:\/\/utuzzone.com\/wp-content\/uploads\/2024\/06\/DSC01532-1024x683.jpg 1024w, https:\/\/utuzzone.com\/wp-content\/uploads\/2024\/06\/DSC01532-300x200.jpg 300w, https:\/\/utuzzone.com\/wp-content\/uploads\/2024\/06\/DSC01532-768x512.jpg 768w\" sizes=\"(max-width: 1024px) 100vw, 1024px\" \/><\/figure>\n\n\n\n<figure class=\"wp-block-image size-large\"><img loading=\"lazy\" decoding=\"async\" width=\"1024\" height=\"683\" data-id=\"332\" src=\"http:\/\/utuzzone.com\/wp-content\/uploads\/2024\/06\/DSC01526-1024x683.jpg\" alt=\"\" class=\"wp-image-332\" srcset=\"https:\/\/utuzzone.com\/wp-content\/uploads\/2024\/06\/DSC01526-1024x683.jpg 1024w, https:\/\/utuzzone.com\/wp-content\/uploads\/2024\/06\/DSC01526-300x200.jpg 300w, https:\/\/utuzzone.com\/wp-content\/uploads\/2024\/06\/DSC01526-768x512.jpg 768w\" sizes=\"(max-width: 1024px) 100vw, 1024px\" \/><\/figure>\n\n\n\n<figure class=\"wp-block-image size-large\"><img loading=\"lazy\" decoding=\"async\" width=\"1024\" height=\"683\" data-id=\"331\" src=\"http:\/\/utuzzone.com\/wp-content\/uploads\/2024\/06\/DSC01527-1024x683.jpg\" alt=\"\" class=\"wp-image-331\" srcset=\"https:\/\/utuzzone.com\/wp-content\/uploads\/2024\/06\/DSC01527-1024x683.jpg 1024w, https:\/\/utuzzone.com\/wp-content\/uploads\/2024\/06\/DSC01527-300x200.jpg 300w, https:\/\/utuzzone.com\/wp-content\/uploads\/2024\/06\/DSC01527-768x512.jpg 768w, https:\/\/utuzzone.com\/wp-content\/uploads\/2024\/06\/DSC01527-1536x1024.jpg 1536w, https:\/\/utuzzone.com\/wp-content\/uploads\/2024\/06\/DSC01527-2048x1365.jpg 2048w, https:\/\/utuzzone.com\/wp-content\/uploads\/2024\/06\/DSC01527-90x60.jpg 90w\" sizes=\"(max-width: 1024px) 100vw, 1024px\" \/><\/figure>\n<\/figure>\n\n\n\n<hr class=\"wp-block-separator has-css-opacity is-style-default\"\/>\n\n\n\n<p class=\"has-text-align-center has-small-font-size\"><em>\u00ab&nbsp;Un v\u00e9ritable bonheur de se r\u00e9veiller au soleil face au maquis. La cabane est id\u00e9alement situ\u00e9e, dans le maquis, \u00e0 2 pas de la plage. Tout confort dans un m\u00e9lange original de bois et toile de tente. On est transport\u00e9s dans un autre univers, ambiance camp de brousse. Une tr\u00e8s belle d\u00e9couverte&nbsp;\u00bb<\/em><\/p>\n\n\n\n<p class=\"has-text-align-right has-small-font-size\">Fran\u00e7ois S., <em>Septembre 2022<\/em><\/p>\n\n\n\n<hr class=\"wp-block-separator has-alpha-channel-opacity\"\/>\n\n\n\n<p><strong>L&rsquo;ASPHODELE<\/strong><\/p>\n\n\n\n<p>Cette cabane lodge est compos\u00e9e de deux parties pouvant accueillir 4 personnes :<\/p>\n\n\n\n<ul>\n<li>Partie bois (18 m2), comprenant une cuisine \u00e9quip\u00e9e ( r\u00e9frig\u00e9rateur, four micro-ondes, four, cafeti\u00e8re et lave linge), une salle de douche, un dressing,<\/li>\n\n\n\n<li>Partie tente (45 m2), comprenant deux chambres ( 2 lits simples et un lit double) , un s\u00e9jour, une terrasse couverte.<\/li>\n<\/ul>\n\n\n\n<hr class=\"wp-block-separator has-alpha-channel-opacity\"\/>\n\n\n\n<div class=\"wp-block-group alignfull has-text-color has-background\" style=\"color:#000000;background-color:#ffffff\"><div class=\"wp-block-group__inner-container is-layout-flow wp-block-group-is-layout-flow\">\n<h2 class=\"wp-block-heading has-text-align-center\" id=\"schedule-a-visit\" style=\"font-size:59px;line-height:1.15\"><strong><strong>Vous souhaitez connaitre les disponibilit\u00e9s et le prix\u00a0<\/strong><\/strong><\/h2>\n\n\n\n<div class=\"wp-block-buttons is-horizontal is-content-justification-center is-layout-flex wp-container-core-buttons-is-layout-1 wp-block-buttons-is-layout-flex\">\n<div class=\"wp-block-button has-custom-width wp-block-button__width-50\"><a class=\"wp-block-button__link has-text-color has-background wp-element-button\" href=\"https:\/\/www.abritel.fr\/location-vacances\/p2196034\" style=\"border-radius:50px;color:#ffffff;background-color:#000000\">Rendez-vous sur Abritel<\/a><\/div>\n<\/div>\n<\/div><\/div>\n","protected":false},"excerpt":{"rendered":"<p>Venez d\u00e9couvrir cette exp\u00e9rience m\u00ealant confort, espace et glamping. Envie d&rsquo;un s\u00e9jour riche en d\u00e9couvertes ? A proximit\u00e9 des plages et dans un cadre privil\u00e9gi\u00e9 au milieu des ch\u00eanes li\u00e8ges, &hellip; <\/p>\n","protected":false},"author":1,"featured_media":0,"parent":0,"menu_order":0,"comment_status":"closed","ping_status":"closed","template":"","meta":{"footnotes":""},"_links":{"self":[{"href":"https:\/\/utuzzone.com\/index.php\/wp-json\/wp\/v2\/pages\/274"}],"collection":[{"href":"https:\/\/utuzzone.com\/index.php\/wp-json\/wp\/v2\/pages"}],"about":[{"href":"https:\/\/utuzzone.com\/index.php\/wp-json\/wp\/v2\/types\/page"}],"author":[{"embeddable":true,"href":"https:\/\/utuzzone.com\/index.php\/wp-json\/wp\/v2\/users\/1"}],"replies":[{"embeddable":true,"href":"https:\/\/utuzzone.com\/index.php\/wp-json\/wp\/v2\/comments?post=274"}],"version-history":[{"count":22,"href":"https:\/\/utuzzone.com\/index.php\/wp-json\/wp\/v2\/pages\/274\/revisions"}],"predecessor-version":[{"id":452,"href":"https:\/\/utuzzone.com\/index.php\/wp-json\/wp\/v2\/pages\/274\/revisions\/452"}],"wp:attachment":[{"href":"https:\/\/utuzzone.com\/index.php\/wp-json\/wp\/v2\/media?parent=274"}],"curies":[{"name":"wp","href":"https:\/\/api.w.org\/{rel}","templated":true}]}}